{"id":1507,"date":"2025-01-09T09:37:31","date_gmt":"2025-01-09T09:37:31","guid":{"rendered":"https:\/\/vd-dakwerken.be\/?page_id=1507"},"modified":"2025-03-10T15:31:04","modified_gmt":"2025-03-10T15:31:04","slug":"politique-de-confidentialite","status":"publish","type":"page","link":"https:\/\/vd-dakwerken.be\/fr\/politique-de-confidentialite\/","title":{"rendered":"Politique de confidentialit\u00e9"},"content":{"rendered":"<div data-elementor-type=\"wp-page\" data-elementor-id=\"1507\" class=\"elementor elementor-1507\" data-elementor-post-type=\"page\">\n\t\t\t\t<div class=\"elementor-element elementor-element-0d8c563 e-flex e-con-boxed lakit-col-width-auto-no e-container e-root-container elementor-top-section e-con e-parent\" data-id=\"0d8c563\" data-element_type=\"container\">\n\t\t\t\t\t<div class=\"e-con-inner\">\n\t\t\t\t<div class=\"elementor-element elementor-element-5a55bae elementor-widget elementor-widget-text-editor\" data-id=\"5a55bae\" data-element_type=\"widget\" data-widget_type=\"text-editor.default\">\n\t\t\t\t<div class=\"elementor-widget-container\">\n\t\t\t\t\t\t\t\t\t<p><strong>Politique de confidentialit\u00e9 de V&amp;D Roofing<\/strong><\/p><p>La pr\u00e9sente politique de confidentialit\u00e9 d\u00e9crit la mani\u00e8re dont vos informations personnelles sont collect\u00e9es, utilis\u00e9es et partag\u00e9es lorsque vous\u00a0<a href=\"https:\/\/vd-dakwerken.be\/\">https:\/\/vd-dakwerken.be<\/a>\u00a0(le \"Site\"), le visite ou y effectue un achat.<\/p><p><strong>INFORMATIONS PERSONNELLES COLLECT\u00c9ES<br \/><\/strong>Lorsque vous visitez le site, nous recueillons automatiquement certaines informations sur votre appareil, y compris des informations sur votre navigateur web, votre adresse IP, votre fuseau horaire et certains des cookies install\u00e9s sur votre appareil. En outre, lorsque vous visitez le site, nous recueillons des informations sur les pages web que vous visitez, les sites web ou les termes de recherche qui vous ont amen\u00e9 sur le site, ainsi que des informations sur votre interaction avec le site. Ces informations collect\u00e9es automatiquement sont appel\u00e9es \"informations sur l'appareil\".<\/p><p>Nous recueillons des donn\u00e9es sur les appareils \u00e0 l'aide des technologies suivantes :<br \/>- Les \"fichiers journaux\" suivent l'activit\u00e9 sur le site et collectent des donn\u00e9es telles que votre adresse IP, le type de navigateur que vous utilisez, votre fournisseur d'acc\u00e8s \u00e0 Internet, vos pages de r\u00e9f\u00e9rence et de sortie, et vos donn\u00e9es d'horodatage (date et heure).<br \/>- Les \"web beacons\", \"tags\" et \"pixels\" sont des fichiers \u00e9lectroniques qui enregistrent des informations sur la fa\u00e7on dont vous naviguez sur le site.<\/p><p>Lorsque nous utilisons le terme \"donn\u00e9es personnelles\" dans la pr\u00e9sente politique de confidentialit\u00e9, nous nous r\u00e9f\u00e9rons \u00e0 la fois aux donn\u00e9es relatives \u00e0 l'appareil et aux donn\u00e9es relatives \u00e0 la commande.<\/p><p><strong>COMMENT UTILISONS-NOUS VOS INFORMATIONS PERSONNELLES ?<\/strong><br \/>En g\u00e9n\u00e9ral, nous utilisons les informations que nous recueillons pour :<br \/>- communiquer avec vous<br \/>- \u00e9valuer les fraudes ou les risques potentiels ; et<br \/>- vous fournir, dans la mesure o\u00f9 cela correspond aux pr\u00e9f\u00e9rences que vous avez indiqu\u00e9es, des informations ou de la publicit\u00e9 sur nos produits ou services.<\/p><p>Nous utilisons les donn\u00e9es relatives \u00e0 l'appareil (en particulier votre adresse IP) que nous recueillons pour \u00e9valuer les fraudes ou les risques potentiels et, plus g\u00e9n\u00e9ralement, pour (par exemple, g\u00e9n\u00e9rer des analyses sur la fa\u00e7on dont nos clients naviguent, am\u00e9liorer et optimiser notre site et \u00e9valuer le succ\u00e8s de nos campagnes publicitaires et marketing).<\/p><p class=\"nitro-offscreen\"><strong>PARTAGE DE VOS INFORMATIONS PERSONNELLES<\/strong><br \/>Nous partageons vos donn\u00e9es personnelles avec des tiers qui nous aident \u00e0 les utiliser aux fins d\u00e9crites ci-dessus.<br \/>Nous utilisons Google Analytics pour mieux comprendre comment nos clients utilisent le Site - pour plus d'informations sur la fa\u00e7on dont Google utilise vos donn\u00e9es personnelles, veuillez consulter la page :\u00a0<a href=\"https:\/\/www.google.com\/intl\/fr\/policies\/privacy\/\" target=\"_blank\" rel=\"noopener\">https:\/\/www.google.com\/intl\/fr\/policies\/privacy\/<\/a>. Vous pouvez \u00e9galement vous d\u00e9sinscrire de Google Analytics ici :\u00a0<a href=\"https:\/\/tools.google.com\/dlpage\/gaoptout\" target=\"_blank\" rel=\"noopener\">https:\/\/tools.google.com\/dlpage\/gaoptout<\/a>.<\/p><p class=\"nitro-offscreen\">Enfin, nous pouvons \u00e9galement partager vos informations personnelles pour nous conformer aux lois et r\u00e9glementations applicables, pour r\u00e9pondre \u00e0 une citation \u00e0 compara\u00eetre, \u00e0 un mandat de perquisition ou \u00e0 toute autre demande l\u00e9gale d'informations que nous recevons, ou pour prot\u00e9ger nos droits.<\/p><p class=\"nitro-offscreen\"><strong>LA PUBLICIT\u00c9 COMPORTEMENTALE<\/strong><br \/>Comme indiqu\u00e9 ci-dessus, nous utilisons vos donn\u00e9es personnelles pour vous fournir des publicit\u00e9s cibl\u00e9es ou des messages marketing susceptibles de vous int\u00e9resser. Pour en savoir plus sur le fonctionnement de la publicit\u00e9 cibl\u00e9e, veuillez consulter la page d'information de la Network Advertising Initiative (NAI) \u00e0 l'adresse suivante\u00a0<a href=\"http:\/\/www.networkadvertising.org\/understanding-online-advertising\/how-does-it-work\" target=\"_blank\" rel=\"noopener\">http:\/\/www.networkadvertising.org\/understanding-online-advertising\/how-does-it-work<\/a>.<\/p><p class=\"nitro-offscreen\"><strong>NE PAS SUIVRE<\/strong><br \/>Veuillez noter que nous ne modifions pas les pratiques de collecte et d'utilisation des donn\u00e9es de notre site lorsque nous d\u00e9tectons un signal \"Do Not Track\" sur votre navigateur.<\/p><p class=\"nitro-offscreen\"><strong>VOS DROITS<\/strong><br \/>Si vous \u00eates r\u00e9sident europ\u00e9en, vous avez le droit d'acc\u00e9der aux informations personnelles que nous d\u00e9tenons \u00e0 votre sujet et de demander qu'elles soient corrig\u00e9es, mises \u00e0 jour ou supprim\u00e9es. Si vous souhaitez exercer ce droit, veuillez nous contacter en utilisant les coordonn\u00e9es ci-dessous.<\/p><p class=\"nitro-offscreen\"><strong>STOCKAGE DES DONN\u00c9ES<\/strong><br \/>Les donn\u00e9es techniques seront conserv\u00e9es pendant la dur\u00e9e strictement n\u00e9cessaire \u00e0 la r\u00e9alisation des objectifs susmentionn\u00e9s.<\/p><p class=\"nitro-offscreen\"><strong>AMENDEMENTS<\/strong><br \/>Nous pouvons modifier cette politique de confidentialit\u00e9 de temps \u00e0 autre, par exemple pour refl\u00e9ter des changements dans nos pratiques ou pour d'autres raisons op\u00e9rationnelles, juridiques ou r\u00e9glementaires.<\/p><p class=\"nitro-offscreen\"><strong>CONTACT<\/strong><br \/>Pour plus d'informations sur nos pratiques en mati\u00e8re de protection de la vie priv\u00e9e, si vous avez des questions ou si vous souhaitez d\u00e9poser une plainte, veuillez nous contacter par courrier \u00e9lectronique \u00e0 l'adresse suivante\u00a0<a href=\"mailto:info@vd-dakwerken.be\">info@vd-dakwerken.be<\/a>ou par courrier \u00e0 l'adresse suivante Sint-Michielsstraat 39, Wommelgem, R\u00e9gion flamande, 2160, Belgique.<\/p>\t\t\t\t\t\t\t\t<\/div>\n\t\t\t\t<\/div>\n\t\t\t\t\t<\/div>\n\t\t\t\t<\/div>\n\t\t\t\t<\/div>","protected":false},"excerpt":{"rendered":"<p>Politique de confidentialit\u00e9 de V&amp;D Roof Works Cette politique de confidentialit\u00e9 d\u00e9crit comment vos informations personnelles sont collect\u00e9es, utilis\u00e9es et partag\u00e9es lorsque vous visitez ou effectuez un achat sur https:\/\/vd-dakwerken.be (le \"Site\"). INFORMATIONS PERSONNELLES COLLECTEESLorsque vous visitez le Site, nous collectons automatiquement certaines informations sur votre appareil, y compris des informations sur votre navigateur web, votre adresse IP, votre fuseau horaire et certains des cookies qui [...]<\/p>","protected":false},"author":1,"featured_media":0,"parent":0,"menu_order":0,"comment_status":"closed","ping_status":"closed","template":"","meta":{"footnotes":""},"class_list":["post-1507","page","type-page","status-publish","hentry"],"_links":{"self":[{"href":"https:\/\/vd-dakwerken.be\/fr\/wp-json\/wp\/v2\/pages\/1507","targetHints":{"allow":["GET"]}}],"collection":[{"href":"https:\/\/vd-dakwerken.be\/fr\/wp-json\/wp\/v2\/pages"}],"about":[{"href":"https:\/\/vd-dakwerken.be\/fr\/wp-json\/wp\/v2\/types\/page"}],"author":[{"embeddable":true,"href":"https:\/\/vd-dakwerken.be\/fr\/wp-json\/wp\/v2\/users\/1"}],"replies":[{"embeddable":true,"href":"https:\/\/vd-dakwerken.be\/fr\/wp-json\/wp\/v2\/comments?post=1507"}],"version-history":[{"count":0,"href":"https:\/\/vd-dakwerken.be\/fr\/wp-json\/wp\/v2\/pages\/1507\/revisions"}],"wp:attachment":[{"href":"https:\/\/vd-dakwerken.be\/fr\/wp-json\/wp\/v2\/media?parent=1507"}],"curies":[{"name":"wp","href":"https:\/\/api.w.org\/{rel}","templated":true}]}}